{"id":1931,"date":"2021-09-13T21:51:23","date_gmt":"2021-09-13T21:51:23","guid":{"rendered":"https:\/\/lubristone.com\/sitio\/?page_id=1931"},"modified":"2021-09-16T23:14:41","modified_gmt":"2021-09-16T23:14:41","slug":"sobre-nosotros","status":"publish","type":"page","link":"https:\/\/lubristone.com\/sitio\/sobre-nosotros\/","title":{"rendered":"Sobre Nosotros"},"content":{"rendered":"\n<p class=\"has-text-align-left\" style=\"font-size:18px\"><strong>LUBRISTONE<\/strong> es una de las marcas del holding <strong>COLOMBIA INDUSTRIAL &amp; AUTOMOTRIZ S.A.S.<\/strong> Somos una empresa Colombiana ubicada en el Valle del Cauca, dedicada a la producci\u00f3n y comercializaci\u00f3n de productos para el cuidado, mantenimiento y est\u00e9tica automotriz e industrial y con presencia en todo el territorio nacional colombiano y con presencia internacional en 10 pa\u00edses.<\/p>\n\n\n\n<p class=\"has-text-align-left\" style=\"font-size:18px\">Con m\u00e1s de 25 a\u00f1os de experiencia en el mercado contamos con certificaci\u00f3n por parte del Instituto Colombiano de Normas T\u00e9cnicas <strong>ICONTEC<\/strong> e International <strong>Certification Network IQNET<\/strong> con la norma I<strong>SO 9001:2015<\/strong> por la gesti\u00f3n en la calidad de producci\u00f3n y venta de l\u00edquidos refrigerantes y antioxidantes para motores de combusti\u00f3n interna, adem\u00e1s del certificado de capacidad de producci\u00f3n otorgado por el <strong>INVIMA<\/strong>.<\/p>\n\n\n\n<div class=\"wp-block-group\"><div class=\"wp-block-group__inner-container is-layout-flow wp-block-group-is-layout-flow\">\n<div class=\"wp-block-columns is-layout-flex wp-container-core-columns-is-layout-1 wp-block-columns-is-layout-flex\">\n<div class=\"wp-block-column is-layout-flow wp-block-column-is-layout-flow\" style=\"flex-basis:100%\"><div class=\"n2-section-smartslider fitvidsignore  n2_clear\" data-ssid=\"5\"><div id=\"n2-ss-5-align\" class=\"n2-ss-align\" style=\"margin: 0 auto; max-width: 800px;\"><div class=\"n2-padding\"><div id=\"n2-ss-5\" data-creator=\"Smart Slider 3\" data-responsive=\"auto\" class=\"n2-ss-slider n2-ow n2-has-hover n2notransition  \">\n\n\n\n\n\n\n\n\n\n<div class=\"n2-ss-slider-wrapper-outside\" style=\"grid-template-rows:1fr auto\"><div class=\"n2-ss-slider-wrapper-inside\">\n        <div class=\"n2-ss-slider-1 n2_ss__touch_element n2-ow\">\n            <div class=\"n2-ss-slider-2 n2-ow\">\n                                                <div class=\"n2-ss-slider-3 n2-ow\">\n\n                    <div class=\"n2-ss-slide-backgrounds n2-ow-all\"><div class=\"n2-ss-slide-background\" data-public-id=\"1\" data-mode=\"fill\"><div data-color=\"RGBA(255,255,255,0)\" style=\"background-color: RGBA(255,255,255,0);\" class=\"n2-ss-slide-background-color\"><\/div><\/div><div class=\"n2-ss-slide-background\" data-public-id=\"2\" data-mode=\"fill\" aria-hidden=\"true\"><div class=\"n2-ss-slide-background-image\" data-blur=\"0\" data-opacity=\"100\" data-x=\"50\" data-y=\"50\" data-alt=\"\" data-title=\"\"><picture class=\"skip-lazy\" data-skip-lazy=\"1\"><img decoding=\"async\" src=\"\/\/lubristone.com\/sitio\/wp-content\/uploads\/2021\/09\/toma-aerea-empresa-1024x426-1.jpg\" alt=\"\" title=\"\" loading=\"lazy\" class=\"skip-lazy\" data-skip-lazy=\"1\"><\/picture><\/div><div data-color=\"RGBA(255,255,255,0)\" style=\"background-color: RGBA(255,255,255,0);\" class=\"n2-ss-slide-background-color\"><\/div><\/div><div class=\"n2-ss-slide-background\" data-public-id=\"3\" data-mode=\"fill\" aria-hidden=\"true\"><div class=\"n2-ss-slide-background-image\" data-blur=\"0\" data-opacity=\"100\" data-x=\"50\" data-y=\"50\" data-alt=\"\" data-title=\"\"><picture class=\"skip-lazy\" data-skip-lazy=\"1\"><img decoding=\"async\" src=\"\/\/lubristone.com\/sitio\/wp-content\/uploads\/2021\/09\/DSC_0101-1024x680-1.jpg\" alt=\"\" title=\"\" loading=\"lazy\" class=\"skip-lazy\" data-skip-lazy=\"1\"><\/picture><\/div><div data-color=\"RGBA(255,255,255,0)\" style=\"background-color: RGBA(255,255,255,0);\" class=\"n2-ss-slide-background-color\"><\/div><\/div><div class=\"n2-ss-slide-background\" data-public-id=\"4\" data-mode=\"fill\" aria-hidden=\"true\"><div class=\"n2-ss-slide-background-image\" data-blur=\"0\" data-opacity=\"100\" data-x=\"50\" data-y=\"50\" data-alt=\"\" data-title=\"\"><picture class=\"skip-lazy\" data-skip-lazy=\"1\"><img decoding=\"async\" src=\"\/\/lubristone.com\/sitio\/wp-content\/uploads\/2021\/09\/DSC_0143-1024x680-1.jpg\" alt=\"\" title=\"\" loading=\"lazy\" class=\"skip-lazy\" data-skip-lazy=\"1\"><\/picture><\/div><div data-color=\"RGBA(255,255,255,0)\" style=\"background-color: RGBA(255,255,255,0);\" class=\"n2-ss-slide-background-color\"><\/div><\/div><\/div>                    <div class=\"n2-ss-slider-4 n2-ow\">\n                        <svg xmlns=\"http:\/\/www.w3.org\/2000\/svg\" viewBox=\"0 0 800 440\" data-related-device=\"desktopPortrait\" class=\"n2-ow n2-ss-preserve-size n2-ss-preserve-size--slider n2-ss-slide-limiter\"><\/svg><div data-first=\"1\" data-slide-duration=\"0\" data-id=\"32\" data-slide-public-id=\"1\" data-title=\"Video Coporativo\" class=\"n2-ss-slide n2-ow  n2-ss-slide-32\"><div role=\"note\" class=\"n2-ss-slide--focus\" tabindex=\"-1\">Video Coporativo<\/div><div class=\"n2-ss-layers-container n2-ss-slide-limiter n2-ow\"><div class=\"n2-ss-layer n2-ow n-uc-BdZZryEcRPEn\" data-sstype=\"slide\" data-pm=\"default\"><div class=\"n2-ss-layer n2-ow n-uc-a3WGuM7wIi4a\" data-pm=\"default\" data-sstype=\"content\" data-hasbackground=\"0\"><div class=\"n2-ss-section-main-content n2-ss-layer-with-background n2-ss-layer-content n2-ow n-uc-a3WGuM7wIi4a-inner\"><div class=\"n2-ss-layer n2-ow n-uc-ImSV6cYFBTpo\" data-pm=\"normal\" data-sstype=\"layer\"><div id=\"n2-ss-5item1\" class=\"n2_ss_video_player n2-ss-item-content n2-ow-all\" data-aspect-ratio=\"16:9\"><div class=\"n2_ss_video_player__placeholder\" ><\/div><div id=\"n2-ss-5item1-frame\"><\/div><div class=\"n2_ss_video_player__cover\" data-force-pointer=\"\"><img decoding=\"async\" class=\"n2_ss_video_cover skip-lazy\" alt=\"Reproducir\" data-skip-lazy=\"1\" src=\"https:\/\/i.ytimg.com\/vi\/8MdsqhWhoag\/hqdefault.jpg\" \/><img decoding=\"async\" class=\"n2_ss_video_play_btn skip-lazy\" data-skip-lazy=\"1\" width=\"48\" height=\"48\" src=\"data:image\/svg+xml;base64,PHN2ZyB4bWxucz0iaHR0cDovL3d3dy53My5vcmcvMjAwMC9zdmciIHZpZXdCb3g9IjAgMCA0OCA0OCI+CiAgICA8Y2lyY2xlIGN4PSIyNCIgY3k9IjI0IiByPSIyNCIgZmlsbD0iIzAwMCIgb3BhY2l0eT0iLjYiLz4KICAgIDxwYXRoIGZpbGw9IiNGRkYiCiAgICAgICAgICBkPSJNMTkuOCAzMmMtLjEyNCAwLS4yNDctLjAyOC0uMzYtLjA4LS4yNjQtLjExNi0uNDM2LS4zNzUtLjQ0LS42NjRWMTYuNzQ0Yy4wMDUtLjI5LjE3Ni0uNTUuNDQtLjY2Ni4yNzMtLjEyNi41OTItLjEuODQuMDdsMTAuNCA3LjI1N2MuMi4xMzIuMzIuMzU1LjMyLjU5NXMtLjEyLjQ2My0uMzIuNTk1bC0xMC40IDcuMjU2Yy0uMTQuMS0uMzEuMTUtLjQ4LjE1eiIvPgo8L3N2Zz4=\" alt=\"Reproducir\"><\/div><\/div><\/div><div class=\"n2-ss-layer n2-ow n-uc-BWx0nF6aKchL\" data-pm=\"normal\" data-sstype=\"layer\"><div id=\"n2-ss-5item2\" class=\"n2-font-577e3e94d392c80545fffaf7623e9404-hover   n2-ss-item-content n2-ss-text n2-ow\" style=\"display:block;\">Capa de encabezado<\/div><\/div><\/div><\/div><\/div><\/div><\/div><div data-slide-duration=\"0\" data-id=\"31\" data-slide-public-id=\"2\" aria-hidden=\"true\" data-title=\"Planta\" class=\"n2-ss-slide n2-ow  n2-ss-slide-31\"><div role=\"note\" class=\"n2-ss-slide--focus\" tabindex=\"-1\">Planta<\/div><div class=\"n2-ss-layers-container n2-ss-slide-limiter n2-ow\"><div class=\"n2-ss-layer n2-ow n-uc-XYLkjQWg75Yv\" data-sstype=\"slide\" data-pm=\"default\"><div class=\"n2-ss-layer n2-ow n-uc-FygLbrMCNxD7\" data-pm=\"default\" data-sstype=\"content\" data-hasbackground=\"0\"><div class=\"n2-ss-section-main-content n2-ss-layer-with-background n2-ss-layer-content n2-ow n-uc-FygLbrMCNxD7-inner\"><div class=\"n2-ss-layer n2-ow n-uc-Ks16EqGs67MV n2-ss-layer--auto\" data-pm=\"normal\" data-sstype=\"layer\"><div class=\"n2-ss-button-container n2-ss-item-content n2-ow n2-font-176464dee0eea5b1ac11b21dab9b24d2-link  n2-ss-nowrap n2-ss-button-container--non-full-width\"><a class=\"n2-style-fd38549eee9ab23b7211fa4859786f10-heading  n2-ow \" onclick=\"return false;\" href=\"#\"><div><div>M\u00c1S<\/div><\/div><\/a><\/div><\/div><div class=\"n2-ss-layer n2-ow n2-ss-layer--block n2-ss-has-self-align n-uc-1b570e4828602\" data-pm=\"normal\" data-sstype=\"row\"><div class=\"n2-ss-layer-row n2-ss-layer-with-background n-uc-1b570e4828602-inner\"><div class=\"n2-ss-layer-row-inner \"><div class=\"n2-ss-layer n2-ow n-uc-12e301af94fea\" data-pm=\"default\" data-sstype=\"col\"><div class=\"n2-ss-layer-col n2-ss-layer-with-background n2-ss-layer-content n-uc-12e301af94fea-inner\"><\/div><\/div><div class=\"n2-ss-layer n2-ow n-uc-1da03854d8a44\" data-pm=\"default\" data-sstype=\"col\"><div class=\"n2-ss-layer-col n2-ss-layer-with-background n2-ss-layer-content n-uc-1da03854d8a44-inner\"><\/div><\/div><\/div><\/div><\/div><\/div><\/div><\/div><\/div><\/div><div data-slide-duration=\"0\" data-id=\"33\" data-slide-public-id=\"3\" aria-hidden=\"true\" data-title=\"Laboratorio\" class=\"n2-ss-slide n2-ow  n2-ss-slide-33\"><div role=\"note\" class=\"n2-ss-slide--focus\" tabindex=\"-1\">Laboratorio<\/div><div class=\"n2-ss-layers-container n2-ss-slide-limiter n2-ow\"><div class=\"n2-ss-layer n2-ow n-uc-WmBZF9YFLyiw\" data-sstype=\"slide\" data-pm=\"default\"><\/div><\/div><\/div><div data-slide-duration=\"0\" data-id=\"34\" data-slide-public-id=\"4\" aria-hidden=\"true\" data-title=\"rojo\" class=\"n2-ss-slide n2-ow  n2-ss-slide-34\"><div role=\"note\" class=\"n2-ss-slide--focus\" tabindex=\"-1\">rojo<\/div><div class=\"n2-ss-layers-container n2-ss-slide-limiter n2-ow\"><div class=\"n2-ss-layer n2-ow n-uc-yAFGMuuo3fNF\" data-sstype=\"slide\" data-pm=\"default\"><\/div><\/div><\/div>                    <\/div>\n\n                                    <\/div>\n            <\/div>\n        <\/div>\n        <div class=\"n2-ss-slider-controls n2-ss-slider-controls-absolute-right-top\"><div style=\"--widget-offset:15px;\" class=\"n2-ss-widget n2-ss-widget-display-hover n2-style-f17ddbf2d8ed14421f9093b94b93b8a9-heading nextend-autoplay n2-ow-all nextend-autoplay-image\" role=\"button\" aria-label=\"Iniciar reproducci\u00f3n autom\u00e1tica\" data-pause-label=\"Pausar reproducci\u00f3n autom\u00e1tica\" data-play-label=\"Iniciar reproducci\u00f3n autom\u00e1tica\" tabindex=\"0\"><img decoding=\"async\" width=\"16\" height=\"16\" class=\"nextend-autoplay-play skip-lazy\" data-skip-lazy=\"1\" src=\"data:image\/svg+xml;base64,PHN2ZyB3aWR0aD0iMTYiIGhlaWdodD0iMTYiIHZpZXdCb3g9IjAgMCAxNiAxNiIgeG1sbnM9Imh0dHA6Ly93d3cudzMub3JnLzIwMDAvc3ZnIj4KICAgIDxwYXRoIGQ9Ik0xMS41OCA3LjAzTDUuMzAyIDIuMTY1QzUuMTY1IDIuMDU3IDUuMDE2IDIgNC44NTcgMiA0LjM4NCAyIDQgMi41MDQgNCAzLjEyNXY5Ljc1YzAgLjYyLjM4NCAxLjEyNS44NTcgMS4xMjUuMTYgMCAuMzA4LS4wNTcuNDM2LS4xNTZMMTEuNTggOC45N2MuMjUtLjE5OC40Mi0uNTU4LjQyLS45NyAwLS40MTItLjE3LS43NzMtLjQyLS45N3oiCiAgICAgICAgICBmaWxsPSIjZmZmZmZmIiBvcGFjaXR5PSIwLjgiIGZpbGwtcnVsZT0iZXZlbm9kZCIvPgo8L3N2Zz4=\" alt=\"Play\"><img decoding=\"async\" width=\"16\" height=\"16\" class=\"nextend-autoplay-pause skip-lazy\" data-skip-lazy=\"1\" src=\"data:image\/svg+xml;base64,PHN2ZyB3aWR0aD0iMTYiIGhlaWdodD0iMTYiIHZpZXdCb3g9IjAgMCAxNiAxNiIgeG1sbnM9Imh0dHA6Ly93d3cudzMub3JnLzIwMDAvc3ZnIj4KICAgIDxwYXRoIGQ9Ik00IDJ2MTJoM1YySDR6bTUgMHYxMmgzVjJIOXoiIGZpbGw9IiNmZmZmZmYiIG9wYWNpdHk9IjAuOCIgZmlsbC1ydWxlPSJldmVub2RkIi8+Cjwvc3ZnPg==\" alt=\"Pause\"><\/div><\/div><\/div><div class=\"n2-ss-slider-controls n2-ss-slider-controls-below\"><div data-width-percent=\"100\" class=\"n2-ss-widget nextend-thumbnail nextend-thumbnail-default nextend-thumbnail-horizontal n2-ow-all\" style=\"width:100%;\" data-has-next=\"0\" data-has-previous=\"0\"><div class=\"nextend-thumbnail-inner n2-style-cb570fd302069fe0535d8889687ce202-simple \"><div class=\"nextend-thumbnail-scroller n2-align-content-start\" style=\"grid-template-rows:repeat(1, 1fr)\"><div class=\"n2-thumbnail-dot n2-style-8ad5048b81c3c254e5a4ea951ba18f46-dot \" data-slide-public-id=\"1\" role=\"button\" aria-label=\"Video Coporativo\" tabindex=\"0\"><picture class=\"skip-lazy\" data-skip-lazy=\"1\"><img loading=\"lazy\" decoding=\"async\" alt=\"Video Coporativo\" src=\"\/\/lubristone.com\/sitio\/wp-content\/uploads\/2021\/09\/vid.jpg\" width=\"100\" height=\"60\" loading=\"lazy\" class=\"skip-lazy\" data-skip-lazy=\"1\" \/><\/picture><svg class=\"n2-thumbnail-dot-type\" xmlns=\"http:\/\/www.w3.org\/2000\/svg\" width=\"48\" height=\"48\" viewBox=\"0 0 48 48\"><circle cx=\"24\" cy=\"24\" r=\"24\" fill=\"#000\" opacity=\".6\"\/><path fill=\"#FFF\" d=\"M19.8 32c-.124 0-.247-.028-.36-.08-.264-.116-.436-.375-.44-.664V16.744c.005-.29.176-.55.44-.666.273-.126.592-.1.84.07l10.4 7.257c.2.132.32.355.32.595s-.12.463-.32.595l-10.4 7.256c-.14.1-.31.15-.48.15z\"\/><\/svg><\/div><div class=\"n2-thumbnail-dot n2-style-8ad5048b81c3c254e5a4ea951ba18f46-dot \" data-slide-public-id=\"2\" role=\"button\" aria-label=\"Planta\" tabindex=\"0\"><picture class=\"skip-lazy\" data-skip-lazy=\"1\"><img loading=\"lazy\" decoding=\"async\" alt=\"Planta\" src=\"\/\/lubristone.com\/sitio\/wp-content\/uploads\/2021\/09\/toma-aerea-empresa-1024x426-1.jpg\" width=\"100\" height=\"60\" loading=\"lazy\" class=\"skip-lazy\" data-skip-lazy=\"1\" \/><\/picture><\/div><div class=\"n2-thumbnail-dot n2-style-8ad5048b81c3c254e5a4ea951ba18f46-dot \" data-slide-public-id=\"3\" role=\"button\" aria-label=\"Laboratorio\" tabindex=\"0\"><picture class=\"skip-lazy\" data-skip-lazy=\"1\"><img loading=\"lazy\" decoding=\"async\" alt=\"Laboratorio\" src=\"\/\/lubristone.com\/sitio\/wp-content\/uploads\/2021\/09\/DSC_0101-1024x680-1.jpg\" width=\"100\" height=\"60\" loading=\"lazy\" class=\"skip-lazy\" data-skip-lazy=\"1\" \/><\/picture><\/div><div class=\"n2-thumbnail-dot n2-style-8ad5048b81c3c254e5a4ea951ba18f46-dot \" data-slide-public-id=\"4\" role=\"button\" aria-label=\"rojo\" tabindex=\"0\"><picture class=\"skip-lazy\" data-skip-lazy=\"1\"><img loading=\"lazy\" decoding=\"async\" alt=\"rojo\" src=\"\/\/lubristone.com\/sitio\/wp-content\/uploads\/2021\/09\/DSC_0143-1024x680-1.jpg\" width=\"100\" height=\"60\" loading=\"lazy\" class=\"skip-lazy\" data-skip-lazy=\"1\" \/><\/picture><\/div><\/div><\/div><div class=\"nextend-thumbnail-button nextend-thumbnail-previous\"><img loading=\"lazy\" decoding=\"async\" width=\"26\" height=\"26\" style=\"width:26px;transform:rotateZ(-90deg);\" loading=\"lazy\" class=\"skip-lazy\" data-skip-lazy=\"1\" src=\"data:image\/svg+xml;base64,PHN2ZyB3aWR0aD0iMjYiIGhlaWdodD0iMjYiIHhtbG5zPSJodHRwOi8vd3d3LnczLm9yZy8yMDAwL3N2ZyI+CiAgICA8ZyBmaWxsPSJub25lIiBmaWxsLXJ1bGU9ImV2ZW5vZGQiPgogICAgICAgIDxjaXJjbGUgc3Ryb2tlPSIjZmZmIiBzdHJva2Utd2lkdGg9IjIiIG9wYWNpdHk9Ii41IiBmaWxsPSIjMDAwIiBjeD0iMTMiIGN5PSIxMyIgcj0iMTIiLz4KICAgICAgICA8cGF0aCBkPSJNMTMuNDM1IDkuMTc4Yy0uMTI2LS4xMjEtLjI3LS4xODItLjQzNi0uMTgyLS4xNjQgMC0uMzA2LjA2MS0uNDI4LjE4MmwtNC4zOCA0LjE3NWMtLjEyNi4xMjEtLjE4OC4yNjItLjE4OC40MjQgMCAuMTYxLjA2Mi4zMDIuMTg4LjQyM2wuNjUuNjIyYy4xMjYuMTIxLjI3My4xODIuNDQxLjE4Mi4xNyAwIC4zMTQtLjA2MS40MzYtLjE4MmwzLjMxNC0zLjE2MSAzLjI0OSAzLjE2MWMuMTI2LjEyMS4yNjkuMTgyLjQzMi4xODIuMTY0IDAgLjMwNy0uMDYxLjQzMy0uMTgybC42NjItLjYyMmMuMTI2LS4xMjEuMTg5LS4yNjIuMTg5LS40MjMgMC0uMTYyLS4wNjMtLjMwMy0uMTg5LS40MjRsLTQuMzczLTQuMTc1eiIKICAgICAgICAgICAgICBmaWxsPSIjZmZmIi8+CiAgICA8L2c+Cjwvc3ZnPg==\" alt=\"previous arrow\"><\/div><div class=\"nextend-thumbnail-button nextend-thumbnail-next\"><img loading=\"lazy\" decoding=\"async\" width=\"26\" height=\"26\" style=\"width:26px;transform:rotateZ(-90deg);\" loading=\"lazy\" class=\"skip-lazy\" data-skip-lazy=\"1\" src=\"data:image\/svg+xml;base64,PHN2ZyB4bWxucz0iaHR0cDovL3d3dy53My5vcmcvMjAwMC9zdmciIHdpZHRoPSIyNiIgaGVpZ2h0PSIyNiI+CiAgICA8ZyBmaWxsPSJub25lIj4KICAgICAgICA8Y2lyY2xlIGN4PSIxMyIgY3k9IjEzIiByPSIxMiIgZmlsbD0iIzAwMCIgc3Ryb2tlPSIjZmZmIiBzdHJva2Utd2lkdGg9IjIiIG9wYWNpdHk9Ii41Ii8+CiAgICAgICAgPHBhdGggZmlsbD0iI2ZmZiIKICAgICAgICAgICAgICBkPSJNMTIuNTY1IDE2LjgyMmMuMTI2LjEyLjI3LjE4Mi40MzYuMTgyLjE2OCAwIC4zMS0uMDYuNDMtLjE4Mmw0LjM4LTQuMTc1Yy4xMjgtLjEyLjE5LS4yNjIuMTktLjQyNCAwLS4xNi0uMDYyLS4zMDItLjE5LS40MjNsLS42NS0uNjIyYy0uMTI1LS4xMi0uMjcyLS4xODItLjQ0LS4xODItLjE3IDAtLjMxNC4wNi0uNDM2LjE4MmwtMy4zMTQgMy4xNi0zLjI1LTMuMTZjLS4xMjYtLjEyLS4yNy0uMTgyLS40My0uMTgyLS4xNjYgMC0uMzEuMDYtLjQzNS4xODJsLS42NjIuNjIyYy0uMTI2LjEyLS4xOS4yNjItLjE5LjQyMyAwIC4xNjIuMDY0LjMwMy4xOS40MjRsNC4zNzMgNC4xNzV6Ii8+CiAgICA8L2c+Cjwvc3ZnPg==\" alt=\"next arrow\"><\/div><\/div><\/div><\/div><\/div><ss3-loader><\/ss3-loader><\/div><\/div><div class=\"n2_clear\"><\/div><\/div><\/div>\n<\/div>\n<\/div><\/div>\n","protected":false},"excerpt":{"rendered":"<p>LUBRISTONE es una de las marcas del holding COLOMBIA INDUSTRIAL &amp; AUTOMOTRIZ S.A.S. Somos una empresa Colombiana ubicada en el Valle del Cauca, dedicada a la producci\u00f3n y comercializaci\u00f3n de productos para el cuidado, mantenimiento y est\u00e9tica automotriz e industrial y con presencia en todo el territorio nacional colombiano y con presencia internacional en 10Ver mas<\/p>\n","protected":false},"author":1,"featured_media":0,"parent":0,"menu_order":0,"comment_status":"closed","ping_status":"closed","template":"","meta":{"footnotes":""},"class_list":["post-1931","page","type-page","status-publish","hentry"],"_links":{"self":[{"href":"https:\/\/lubristone.com\/sitio\/wp-json\/wp\/v2\/pages\/1931","targetHints":{"allow":["GET"]}}],"collection":[{"href":"https:\/\/lubristone.com\/sitio\/wp-json\/wp\/v2\/pages"}],"about":[{"href":"https:\/\/lubristone.com\/sitio\/wp-json\/wp\/v2\/types\/page"}],"author":[{"embeddable":true,"href":"https:\/\/lubristone.com\/sitio\/wp-json\/wp\/v2\/users\/1"}],"replies":[{"embeddable":true,"href":"https:\/\/lubristone.com\/sitio\/wp-json\/wp\/v2\/comments?post=1931"}],"version-history":[{"count":15,"href":"https:\/\/lubristone.com\/sitio\/wp-json\/wp\/v2\/pages\/1931\/revisions"}],"predecessor-version":[{"id":2067,"href":"https:\/\/lubristone.com\/sitio\/wp-json\/wp\/v2\/pages\/1931\/revisions\/2067"}],"wp:attachment":[{"href":"https:\/\/lubristone.com\/sitio\/wp-json\/wp\/v2\/media?parent=1931"}],"curies":[{"name":"wp","href":"https:\/\/api.w.org\/{rel}","templated":true}]}}